{"id":192,"date":"2023-05-16T06:48:21","date_gmt":"2023-05-16T06:48:21","guid":{"rendered":"http:\/\/zamowienia.kompozycja.dev\/?page_id=192"},"modified":"2023-06-16T13:03:34","modified_gmt":"2023-06-16T13:03:34","slug":"regulamin","status":"publish","type":"page","link":"https:\/\/zamow.cateringpiatek.pl\/index.php\/regulamin\/","title":{"rendered":"Regulamin"},"content":{"rendered":"<p>[et_pb_section fb_built=&#8221;1&#8243; _builder_version=&#8221;4.20.4&#8243; _module_preset=&#8221;default&#8221; global_colors_info=&#8221;{}&#8221;][et_pb_row _builder_version=&#8221;4.20.4&#8243; _module_preset=&#8221;default&#8221; global_colors_info=&#8221;{}&#8221;][et_pb_column type=&#8221;4_4&#8243; _builder_version=&#8221;4.20.4&#8243; _module_preset=&#8221;default&#8221; global_colors_info=&#8221;{}&#8221;][et_pb_text ul_type=&#8221;none&#8221; _builder_version=&#8221;4.21.0&#8243; _module_preset=&#8221;default&#8221; ul_text_align=&#8221;center&#8221; global_colors_info=&#8221;{}&#8221;]<\/p>\n<p><b>Regulamin sklepu internetowego\u00a0<\/b><\/p>\n<ul>\n<li><b>1[POSTANOWIENIA OG\u00d3LNE]\u00a0<\/b><\/li>\n<\/ul>\n<ol>\n<li><span style=\"font-weight: 400;\"> Niniejszy regulamin okre\u015bla zasady dokonywania zakup\u00f3w w sklepie internetowym zamow.cateringpiatek.pl &#8211; https:\/\/zamow.cateringpiatek.pl\/ od Gastroserwis Arkadiusz Pi\u0105tek Sabina Pi\u0105tek, ul. Grunwaldzka 2\/28, 63-100 \u015arem, NIP: 7851674334.\u00a0<\/span><\/li>\n<li><span style=\"font-weight: 400;\"> Poj\u0119cia u\u017cyte w regulaminie oznaczaj\u0105:\u00a0<\/span>\n<ol style=\"list-style-type: lower-alpha;\">\n<li><span style=\"font-weight: 400;\"> <\/span><b>Klient <\/b><span style=\"font-weight: 400;\">&#8211; osoba fizyczna (posiadaj\u0105ca pe\u0142n\u0105 zdolno\u015b\u0107 do czynno\u015bci prawnych) lub prawna, kt\u00f3ra dokona\u0142a lub zamierza dokona\u0107 zakupu w sklepie internetowym Gastroserwis. Klientem mo\u017ce by\u0107 zar\u00f3wno konsument, jak i przedsi\u0119biorca,\u00a0<\/span><\/li>\n<li><span style=\"font-weight: 400;\"> <\/span><b>Sprzedawca <\/b><span style=\"font-weight: 400;\">&#8211;\u00a0 Gastroserwis Arkadiusz Pi\u0105tek Sabina Pi\u0105tek, ul. Grunwaldzka 2\/28, 63-100 \u015arem, NIP: 7851674334,\u00a0<\/span><\/li>\n<li><span style=\"font-weight: 400;\"> <\/span><b>Sklep <\/b><span style=\"font-weight: 400;\">&#8211; sklep internetowy utrzymywany przez Sprzedawc\u0119 w domenie <\/span>https:\/\/zamow.cateringpiatek.pl\/,<\/li>\n<li><b>Konsument <\/b><span style=\"font-weight: 400;\">&#8211; w my\u015bl ustawy z dnia 23 kwietnia 1964 r. Kodeks cywilny &#8211; U\u017cytkownik, kt\u00f3ry jako osoba fizyczna dokonuje czynno\u015bci prawnej niezwi\u0105zanej bezpo\u015brednio z jej dzia\u0142alno\u015bci\u0105 gospodarcz\u0105 lub zawodow\u0105. Konsumentem, w rozumieniu niniejszego Regulaminu, s\u0105 r\u00f3wnie\u017c przedsi\u0119biorcy prowadz\u0105cy jednoosobow\u0105 dzia\u0142alno\u015b\u0107 gospodarcz\u0105, zawieraj\u0105cy umowy niemaj\u0105ce charakteru zawodowego wynikaj\u0105cego z przedmiotu wykonywanych przez nich dzia\u0142alno\u015bci,\u00a0<\/span><\/li>\n<li><span style=\"font-weight: 400;\"> <\/span><b>Konto U\u017cytkownika <\/b><span style=\"font-weight: 400;\">&#8211; konto w Sklepie, przypisane do danego Klienta, zawieraj\u0105ce dane podane podczas rejestracji,\u00a0<\/span><\/li>\n<li><span style=\"font-weight: 400;\"> <\/span><b>Regulamin <\/b><span style=\"font-weight: 400;\">&#8211; niniejszy dokument wraz ze wszystkimi za\u0142\u0105cznikami.\u00a0<\/span><\/li>\n<\/ol>\n<\/li>\n<li><span style=\"font-weight: 400;\"> Sklep oferuje w sprzeda\u017cy detalicznej za pomoc\u0105 sieci internet dania i produkty wskazane w menu. Powy\u017csze produkty dost\u0119pne s\u0105 poprzez Sklep w formie gotowych produkt\u00f3w \u017cywno\u015bciowych lub produkt\u00f3w \u017cywno\u015bciowych na zam\u00f3wienie.\u00a0<\/span><\/li>\n<li><span style=\"font-weight: 400;\"> Szczeg\u00f3\u0142owe informacje o produktach znajduj\u0105 si\u0119 na stronie internetowej https:\/\/zamow.cateringpiatek.pl\/, jak r\u00f3wnie\u017c udost\u0119pniane s\u0105 w drodze wiadomo\u015bci e-mail pod adresem e-mailowym Sprzedawcy.\u00a0<\/span><\/li>\n<li><span style=\"font-weight: 400;\"> Klient mo\u017ce kontaktowa\u0107 si\u0119 ze Sprzedawc\u0105 drog\u0105 pocztow\u0105 na adres wskazany w punkcie 2b, <\/span>oraz drog\u0105 elektroniczn\u0105 na adres e-mail: biuro@cateringpiatek.pl.<\/li>\n<\/ol>\n<ul>\n<li><b>2[WARUNKI KORZYSTANIA Z US\u0141UGI]\u00a0<\/b><\/li>\n<\/ul>\n<ol>\n<li><span style=\"font-weight: 400;\"> By m\u00f3c z\u0142o\u017cy\u0107 zam\u00f3wienie przez Sklep Klient spe\u0142ni\u0107 musi nast\u0119puj\u0105ce wymagania techniczne:<\/span>\n<ol style=\"list-style-type: lower-alpha;\">\n<li><span style=\"font-weight: 400;\">posiada\u0107 komputer, laptop lub inne urz\u0105dzenie z dost\u0119pem do internetu,<\/span><\/li>\n<li><span style=\"font-weight: 400;\">posiada\u0107 dost\u0119p do poczty elektronicznej,\u00a0<\/span><\/li>\n<li><span style=\"font-weight: 400;\"> korzysta\u0107 z przegl\u0105darki internetowej (zaleca si\u0119 korzystanie z najnowszej wersji),<\/span><\/li>\n<li><span style=\"font-weight: 400;\">korzysta\u0107 z minimalnej rozdzielczo\u015bci ekranu 1024&#215;768,\u00a0<\/span><\/li>\n<li><span style=\"font-weight: 400;\"> w\u0142\u0105czy\u0107 w przegl\u0105darce mo\u017cliwo\u015b\u0107 zapisu plik\u00f3w cookies.\u00a0<\/span><\/li>\n<\/ol>\n<\/li>\n<li><span style=\"font-weight: 400;\"> Sklep internetowy udost\u0119pnia us\u0142ugi elektroniczne w postaci:\u00a0<\/span>\n<ol style=\"list-style-type: lower-alpha;\">\n<li><span style=\"font-weight: 400;\"> rejestracji Konta i utrzymania Konta U\u017cytkownika,\u00a0<\/span><\/li>\n<li><span style=\"font-weight: 400;\"> formularza zam\u00f3wienia,\u00a0<\/span><\/li>\n<li><span style=\"font-weight: 400;\"> formularza kontaktowego.\u00a0<\/span><\/li>\n<\/ol>\n<\/li>\n<li><span style=\"font-weight: 400;\"> Za \u015bwiadczenie ww. us\u0142ug Sklep nie pobiera \u017cadnych op\u0142at.\u00a0<\/span><\/li>\n<li><span style=\"font-weight: 400;\"> Powy\u017csze us\u0142ugi \u015bwiadczone s\u0105 przez czas nieoznaczony. Klient mo\u017ce w ka\u017cdej chwili, bez podania przyczyny zrezygnowa\u0107 z danej us\u0142ugi wysy\u0142aj\u0105c w tym celu stosown\u0105 wiadomo\u015b\u0107 e mail na adres e-mail Sprzedawcy. Klient mo\u017ce odst\u0105pi\u0107 bez podania przyczyny od umowy o \u015bwiadczenie ka\u017cdej z us\u0142ug w terminie 14 dni od daty z\u0142o\u017cenia zam\u00f3wienia spos\u00f3b podany powy\u017cej.\u00a0<\/span><\/li>\n<\/ol>\n<ul>\n<li><b>3[ZAWIERANIE UM\u00d3W]\u00a0<\/b><\/li>\n<\/ul>\n<ol>\n<li><span style=\"font-weight: 400;\"> Umowa zawierana jest pomi\u0119dzy Sprzedawc\u0105 a Klientem.\u00a0<\/span><\/li>\n<li><span style=\"font-weight: 400;\"> Wszystkie ceny podane na stronie Sklepu s\u0105 cenami brutto (zawieraj\u0105 podatek VAT) okre\u015blonymi w z\u0142otych polskich. Ceny produkt\u00f3w nie obejmuj\u0105 koszt\u00f3w przesy\u0142ki.\u00a0<\/span><\/li>\n<li><span style=\"font-weight: 400;\"> Zam\u00f3wienia mog\u0105 by\u0107 sk\u0142adane za pomoc\u0105 strony internetowej Sklepu z wykorzystaniem Formularza zam\u00f3wienia (bez rejestracji) lub przy pomocy Konta U\u017cytkownika.<\/span><\/li>\n<li><span style=\"font-weight: 400;\"> Aby dokona\u0107 zakupu Klient wybiera interesuj\u0105ce go produkty w Sklepie poprzez klikni\u0119cie odpowiedniego przycisku. Po zako\u0144czeniu wybierania produkt\u00f3w, Klient przechodzi do zak\u0142adki, w kt\u00f3rej okre\u015bla spos\u00f3b dostawy produkt\u00f3w i p\u0142atno\u015bci za nie.\u00a0<\/span><\/li>\n<li><span style=\"font-weight: 400;\"> Nast\u0119pnie Klient klika przycisk &#8222;Kupuj\u0119 i p\u0142ac\u0119&#8221;, kt\u00f3ry przekierowuje Klienta na stron\u0119 zawieraj\u0105c\u0105 informacje o dokonywanym zam\u00f3wieniu. Do informacji tych nale\u017cy m.in.: okre\u015blenie g\u0142\u00f3wnych cech zam\u00f3wionych towar\u00f3w, wskazanie \u0142\u0105cznej ceny wraz z podatkami i op\u0142atami za dostaw\u0119, przedstawienie danych Klienta podanych w formularzu zam\u00f3wienia.\u00a0<\/span><\/li>\n<li><span style=\"font-weight: 400;\"> Klient, w celu dokonania zam\u00f3wienia, jest obowi\u0105zany potwierdzi\u0107 z\u0142o\u017cenie zam\u00f3wienia poprzez klikni\u0119cie przycisku &#8222;Kupuj\u0119 i p\u0142ac\u0119&#8221; znajduj\u0105cego si\u0119 pod podsumowaniem zam\u00f3wienia.\u00a0<\/span><\/li>\n<li><span style=\"font-weight: 400;\"> Klikni\u0119cie przycisku &#8222;Kupuj\u0119 i p\u0142ac\u0119&#8221; jest r\u00f3wnoznaczne z o\u015bwiadczeniem wiedzy Klienta o z\u0142o\u017ceniu zam\u00f3wienia poci\u0105gaj\u0105cego za sob\u0105 obowi\u0105zek zap\u0142aty.\u00a0<\/span><\/li>\n<li><span style=\"font-weight: 400;\"> Do zawarcia umowy sprzeda\u017cy dochodzi z momentem potwierdzenia przez Klienta z\u0142o\u017cenia zam\u00f3wienia, tj. z momentem klikni\u0119cia przycisku &#8222;Kupuj\u0119 i p\u0142ac\u0119&#8221;.\u00a0<\/span><\/li>\n<li><span style=\"font-weight: 400;\"> Po z\u0142o\u017ceniu zam\u00f3wienia przez Klienta, Sprzedawca wysy\u0142a wiadomo\u015b\u0107 e-mail potwierdzaj\u0105c\u0105 z\u0142o\u017cenie zam\u00f3wienia do realizacji wraz z danymi dotycz\u0105cymi jego realizacji, do kt\u00f3rych nale\u017cy m.in.: okre\u015blenie g\u0142\u00f3wnych cech zam\u00f3wionych towar\u00f3w, termin realizacji zam\u00f3wienia, wskazanie \u0142\u0105cznej ceny wraz z podatkami i op\u0142atami za dostaw\u0119, przedstawienie danych osobowych Klienta podanych w formularzu zam\u00f3wienia.\u00a0<\/span><\/li>\n<li><span style=\"font-weight: 400;\"> Utrwalenie, zabezpieczenie i udost\u0119pnienie tre\u015bci zawartej umowy nast\u0119puje poprzez:<\/span>\n<ol style=\"list-style-type: lower-alpha;\">\n<li><span style=\"font-weight: 400;\">udost\u0119pnienie niniejszego regulaminu na stronie Sklepu,\u00a0<\/span><\/li>\n<li><span style=\"font-weight: 400;\"> utrwalenie tre\u015bci umowy w systemie informatycznym Sklepu.\u00a0<\/span><\/li>\n<\/ol>\n<\/li>\n<li><span style=\"font-weight: 400;\"> Sprzedawca zastrzega sobie prawo odmowy realizacji zam\u00f3wienia w ramach umowy sprzeda\u017cy, w przypadku gdy dane teleadresowe Klienta s\u0105 niezgodne z prawd\u0105.\u00a0<\/span><\/li>\n<li><span style=\"font-weight: 400;\"> W przypadku produktu wykonywanego na zam\u00f3wienie, klient dokonuje zakupu produktu poprzez Sklep, a nast\u0119pnie przekazuje Sprzedawcy instrukcje dotycz\u0105ce zam\u00f3wienia w formie notatki do zam\u00f3wienia.\u00a0<\/span><\/li>\n<\/ol>\n<ul>\n<li><b>4[TERMINY I SPOSOBY P\u0141ATNO\u015aCI]\u00a0<\/b><\/li>\n<\/ul>\n<ol>\n<li><span style=\"font-weight: 400;\"> Strona internetowa udost\u0119pnia nast\u0119puj\u0105ce formy p\u0142atno\u015bci za zam\u00f3wienie:<\/span>\n<ol style=\"list-style-type: lower-alpha;\">\n<li><span style=\"font-weight: 400;\"> za po\u015brednictwem zewn\u0119trznego dostawcy p\u0142atno\u015bci (przedp\u0142ata) PayNow,\u00a0<\/span><\/li>\n<\/ol>\n<\/li>\n<li><span style=\"font-weight: 400;\"> Klient jest zobowi\u0105zany dokona\u0107 zap\u0142aty w terminie do 15 minut od momentu dokonania zakupu.\u00a0<\/span><\/li>\n<li><span style=\"font-weight: 400;\"> W przypadku wyst\u0105pienia konieczno\u015bci zwrotu \u015brodk\u00f3w za transakcj\u0119 dokonan\u0105 przez klienta Sprzedaj\u0105cy dokonuje zwrotu na ten sam instrument p\u0142atniczy, za pomoc\u0105 kt\u00f3rego Klient dokona\u0142 p\u0142atno\u015bci.\u00a0<\/span><\/li>\n<\/ol>\n<ul>\n<li><b>5[SPOSOBY I KOSZTY DOSTAWY]\u00a0<\/b><\/li>\n<\/ul>\n<ol>\n<li><span style=\"font-weight: 400;\"> Klient nie ponosi koszt\u00f3w dostawy zam\u00f3wionych produkt\u00f3w do miejsca przeznaczenia.\u00a0<\/span><\/li>\n<li><span style=\"font-weight: 400;\"> Produkty s\u0105 dostarczane pod wskazany adres na terenie PGO S.A. Odlewnia \u017beliwa, Oddzia\u0142 w \u015aremie, a nast\u0119pnie wydawane na sto\u0142\u00f3wce podczas przerwy \u015bniadaniowej na I lub II zmianie, w zale\u017cno\u015bci od kupionego produktu.<\/span><\/li>\n<li><span style=\"font-weight: 400;\"> Czas realizacji zam\u00f3wienia wynosi tydzie\u0144 roboczy (od poniedzia\u0142ku do pi\u0105tku) pocz\u0105wszy od poniedzia\u0142ku po zaksi\u0119gowaniu zap\u0142aty za zam\u00f3wiony towar na koncie Sprzedawcy (albo, w przypadku p\u0142atno\u015bci kart\u0105 p\u0142atnicz\u0105, od momentu uzyskania pozytywnej autoryzacji p\u0142atno\u015bci).\u00a0<\/span><\/li>\n<\/ol>\n<ul>\n<li><b>6[PRAWO ODST\u0104PIENIA OD UMOWY]\u00a0<\/b><\/li>\n<\/ul>\n<ol>\n<li><span style=\"font-weight: 400;\"> Postanowienia zawarte w niniejszym paragrafie stanowi\u0105 uprawnienia przyznane wy\u0142\u0105cznie Klientowi b\u0119d\u0105cemu Konsumentem.\u00a0<\/span><\/li>\n<li><span style=\"font-weight: 400;\"> Konsument ma prawo odst\u0105pi\u0107 od umowy zawartej ze Sprzedawc\u0105 w terminie 14 dni od dnia otrzymania dostawy lub osobistego odbioru towaru, bez podania przyczyny.\u00a0<\/span><\/li>\n<li><span style=\"font-weight: 400;\"> O\u015bwiadczenie o odst\u0105pieniu od umowy Klient mo\u017ce z\u0142o\u017cy\u0107 za pomoc\u0105 formularza odst\u0105pienia od umowy znajduj\u0105cego si\u0119 na ko\u0144cu regulaminu, zar\u00f3wno drog\u0105 pocztow\u0105 na adres:\u00a0 Gastroserwis Arkadiusz Pi\u0105tek Sabina Pi\u0105tek, ul. Grunwaldzka 2\/28, 63-100 \u015arem, NIP: 7851674334, jak i na adres kontaktowy e-mail: biuro@cateringpiatek.pl.\u00a0<\/span><\/li>\n<li><span style=\"font-weight: 400;\"> Z\u0142o\u017cenie o\u015bwiadczenia o odst\u0105pieniu od umowy bez skorzystania z formularza nie ma wp\u0142ywu na skuteczno\u015b\u0107 odst\u0105pienia. Dla skuteczno\u015bci o\u015bwiadczenia o odst\u0105pieniu wystarczy wys\u0142anie o\u015bwiadczenia przed up\u0142ywem terminu.\u00a0<\/span><\/li>\n<li><span style=\"font-weight: 400;\"> Sprzedawca niezw\u0142ocznie potwierdza drog\u0105 mailow\u0105 (na adres podany przy sk\u0142adaniu zam\u00f3wienia) przyj\u0119cie o\u015bwiadczenia o odst\u0105pieniu od umowy.<\/span><\/li>\n<li><span style=\"font-weight: 400;\"> Konsument powinien zwr\u00f3ci\u0107 zakupione produkty w terminie 14 dni od dnia wys\u0142ania o\u015bwiadczenia o odst\u0105pieniu na adres Sprzedawcy.\u00a0<\/span><\/li>\n<li><span style=\"font-weight: 400;\"> W przypadku wys\u0142ania o\u015bwiadczenia o odst\u0105pieniu od umowy, umow\u0119 uwa\u017ca si\u0119 za niezawart\u0105.<\/span><\/li>\n<li><span style=\"font-weight: 400;\">Konsument ponosi bezpo\u015brednie koszty zwrotu zakupionych produkt\u00f3w.\u00a0<\/span><\/li>\n<li><span style=\"font-weight: 400;\"> Konsument ponosi odpowiedzialno\u015b\u0107 odszkodowawcz\u0105 za zmniejszenie warto\u015bci rzeczy b\u0119d\u0105ce wynikiem korzystania z niej w spos\u00f3b wykraczaj\u0105cy poza konieczny do stwierdzenia charakteru, cech i funkcjonowania rzeczy. W celu stwierdzenia charakteru, cech i funkcjonowania towar\u00f3w konsument powinien obchodzi\u0107 si\u0119 z towarami i sprawdza\u0107 je tylko w taki sam spos\u00f3b, w jaki m\u00f3g\u0142by to zrobi\u0107 w sklepie stacjonarnym.\u00a0<\/span><\/li>\n<li><span style=\"font-weight: 400;\"> Sprzedawca ma obowi\u0105zek niezw\u0142ocznie, nie p\u00f3\u017aniej ni\u017c w terminie 14 dni kalendarzowych od dnia otrzymania o\u015bwiadczenia konsumenta o odst\u0105pieniu od umowy, zwr\u00f3ci\u0107 konsumentowi wszystkie dokonane przez niego p\u0142atno\u015bci, w tym koszty dostawy produktu (z wy\u0142\u0105czeniem dodatkowych koszt\u00f3w wynikaj\u0105cych z wybranego przez Klienta sposobu dostawy innego ni\u017c najta\u0144szy zwyk\u0142y spos\u00f3b dostawy udost\u0119pniany przez Sklep). Sprzedawca dokonuje zwrotu p\u0142atno\u015bci przy u\u017cyciu takiego samego sposobu p\u0142atno\u015bci, jakiego u\u017cy\u0142 Konsument, chyba \u017ce konsument wyra\u017anie zgodzi\u0142 si\u0119 na inny spos\u00f3b zwrotu p\u0142atno\u015bci.\u00a0<\/span><\/li>\n<li><span style=\"font-weight: 400;\"> Sprzedawca mo\u017ce wstrzyma\u0107 si\u0119 ze zwrotem p\u0142atno\u015bci otrzymanych od Konsumenta do chwili otrzymania Produktu z powrotem lub dostarczenia przez Konsumenta dowodu jego odes\u0142ania.\u00a0<\/span><\/li>\n<li><span style=\"font-weight: 400;\"> Prawo odst\u0105pienia od umowy nie przys\u0142uguje wobec um\u00f3w:\u00a0<\/span>\n<ol style=\"list-style-type: lower-alpha;\">\n<li><span style=\"font-weight: 400;\"> w kt\u00f3rej przedmiotem \u015bwiadczenia jest towar ulegaj\u0105cy szybkiemu zepsuciu lub maj\u0105cy kr\u00f3tki termin przydatno\u015bci do u\u017cycia,\u00a0<\/span><\/li>\n<li><span style=\"font-weight: 400;\"> w kt\u00f3rej przedmiotem \u015bwiadczenia jest towar dostarczany w zapiecz\u0119towanym opakowaniu, kt\u00f3rego po otwarciu opakowania nie mo\u017cna zwr\u00f3ci\u0107 ze wzgl\u0119du na ochron\u0119 zdrowia lub ze wzgl\u0119d\u00f3w higienicznych, je\u017celi opakowanie zosta\u0142o otwarte po dostarczeniu,\u00a0<\/span><\/li>\n<li><span style=\"font-weight: 400;\"> o \u015bwiadczenie us\u0142ug w zakresie zakwaterowania, innych ni\u017c do cel\u00f3w mieszkalnych, przewozu rzeczy, najmu samochod\u00f3w, gastronomii, us\u0142ug zwi\u0105zanych z wypoczynkiem, wydarzeniami rozrywkowymi, sportowymi lub kulturalnymi, je\u017celi w umowie oznaczono dzie\u0144 lub okres \u015bwiadczenia us\u0142ugi.<\/span><\/li>\n<\/ol>\n<\/li>\n<\/ol>\n<ul>\n<li><b>7[ODPOWIEDZIALNO\u015a\u0106 ZA \u015aWIADCZENIE ZGODNE Z UMOW\u0104]\u00a0<\/b><\/li>\n<\/ul>\n<ol>\n<li><span style=\"font-weight: 400;\"> Sprzedawca obowi\u0105zany jest do \u015bwiadczenia us\u0142ug i towar\u00f3w zgodnych z umow\u0105. Sprzedawca <\/span>ma prawny obowi\u0105zek dostarczenia towar\u00f3w bez wad.<\/li>\n<\/ol>\n<ol start=\"2\">\n<li><span style=\"font-weight: 400;\"> Zasady dotycz\u0105ce odpowiedzialno\u015bci Sprzedawcy wobec Konsumenta z tytu\u0142u um\u00f3w zobowi\u0105zuj\u0105cych do przeniesienia w\u0142asno\u015bci towaru na Konsumenta reguluje Rozdzia\u0142 5a ustawy z dnia 30 maja 2014 r. o prawach konsument\u00f3w.\u00a0<\/span><\/li>\n<li><span style=\"font-weight: 400;\"> W zakresie reklamacji Konsument mo\u017ce realizowa\u0107 uprawnienia przyznane mu przez przepisy ustawy z dnia 30 maja 2014 r. o prawach konsumenta, m.in. za brak zgodno\u015bci towaru z umow\u0105 sprzeda\u017cy.\u00a0<\/span><\/li>\n<li><span style=\"font-weight: 400;\"> Sprzedawca ponosi odpowiedzialno\u015b\u0107 wobec Konsumenta za brak zgodno\u015bci towaru z umow\u0105 istniej\u0105cy w chwili dostarczenia i ujawniony w ci\u0105gu dw\u00f3ch lat od tej chwili, chyba, \u017ce termin przydatno\u015bci towaru do u\u017cycia, wskazany przez Sprzedawc\u0119, jest d\u0142u\u017cszy. Przed up\u0142ywem powy\u017cszego terminu Konsument mo\u017ce powiadomi\u0107 Sprzedawc\u0119 o stwierdzeniu niezgodno\u015bci wysy\u0142aj\u0105c stosown\u0105 wiadomo\u015b\u0107 za pomoc\u0105 jednego ze \u015brodk\u00f3w umo\u017cliwiaj\u0105cych kontakt ze Sprzedawc\u0105, o kt\u00f3rych mowa w \u00a71 ust. 5.\u00a0<\/span><\/li>\n<li><span style=\"font-weight: 400;\"> Sprzedawca potwierdza wp\u0142yw reklamacji i wzywa Konsumenta do niezw\u0142ocznego dostarczenia\u00a0 towaru niezgodnego z umow\u0105 do Sprzedawcy, w celu ustosunkowania si\u0119 do reklamacji.\u00a0<\/span><\/li>\n<li><span style=\"font-weight: 400;\"> W przypadku nie uwzgl\u0119dnienia reklamacji, towar zostanie odes\u0142any wraz z opini\u0105 co do niezasadno\u015bci reklamacji.\u00a0<\/span><\/li>\n<li><span style=\"font-weight: 400;\"> Je\u017celi Sprzedawca nie ustosunkuje si\u0119 do reklamacji Konsumenta w terminie 14 dni kalendarzowych od dnia dostarczenia reklamacji, przyjmuje si\u0119, \u017ce uzna\u0142 reklamacj\u0119 konsumenta i jego \u017c\u0105danie.\u00a0<\/span><\/li>\n<li><span style=\"font-weight: 400;\"> Klient nieb\u0119d\u0105cy Konsumentem mo\u017ce skorzysta\u0107 z uprawnie\u0144 przys\u0142uguj\u0105cych mu od Sprzedawcy z tytu\u0142u r\u0119kojmi za wady, na zasadach okre\u015blonych w art. 556 i n. Kodeksu cywilnego. Sprzedawca jest odpowiedzialny wzgl\u0119dem Klienta ni\u0119b\u0119d\u0105cego Konsumentem, je\u017celi sprzedany produkt ma wad\u0119 fizyczn\u0105 lub prawn\u0105 (r\u0119kojmia).\u00a0<\/span><\/li>\n<li><span style=\"font-weight: 400;\"> Sprzedawca odpowiada z tytu\u0142u r\u0119kojmi, je\u017celi wada fizyczna zostanie stwierdzona przed up\u0142ywem dw\u00f3ch lat od dnia wydania towaru Klientowi nieb\u0119d\u0105cemu Konsumentem.\u00a0<\/span><\/li>\n<li><span style=\"font-weight: 400;\"> Klient nieb\u0119d\u0105cy Konsumentem traci uprawnienia z tytu\u0142u r\u0119kojmi, je\u017celi nie zbada\u0142 rzeczy w czasie i w spos\u00f3b przyj\u0119ty przy rzeczach tego rodzaju i nie zawiadomi\u0142 niezw\u0142ocznie Sprzedawcy o wadzie, a w przypadku gdy wada wysz\u0142a na jaw dopiero p\u00f3\u017aniej &#8211; je\u017celi nie zawiadomi\u0142 Sprzedawcy niezw\u0142ocznie po jej stwierdzeniu.\u00a0<\/span><\/li>\n<\/ol>\n<ul>\n<li><b>8[POZAS\u0104DOWE SPOSOBY ROZWI\u0104ZANIA SPOR\u00d3W]<\/b><\/li>\n<\/ul>\n<ol>\n<li><span style=\"font-weight: 400;\"> W celu rozwi\u0105zania sporu zaistnia\u0142ego w zwi\u0105zku z dokonywaniem zakup\u00f3w w Sklepie, konsument ma mo\u017cliwo\u015b\u0107 skorzystania z pomocy nast\u0119puj\u0105cych instytucji przed wytoczeniem sprawy w s\u0105dzie powszechnym:\u00a0<\/span>\n<ol style=\"list-style-type: lower-alpha;\">\n<li><span style=\"font-weight: 400;\"> skorzystanie ze sta\u0142ego polubownego s\u0105du konsumenckiego, o kt\u00f3rym mowa w ustawie z dnia 15 grudnia 2000 r. o Inspekcji Handlowej poprzez z\u0142o\u017cenie wniosku o rozstrzygni\u0119cie sporu wynikaj\u0105cego z umowy sprzeda\u017cy,\u00a0<\/span><\/li>\n<li><span style=\"font-weight: 400;\"> zwr\u00f3cenie si\u0119 do Wojew\u00f3dzkiego Inspektora Inspekcji Handlowej z wnioskiem o wszcz\u0119cie post\u0119powania mediacyjnego w celu polubownego zako\u0144czenia sporu,\u00a0<\/span><\/li>\n<li><span style=\"font-weight: 400;\"> zwr\u00f3cenia si\u0119 o pomoc do powiatowego lub miejskiego rzecznika konsument\u00f3w lub organizacji spo\u0142ecznej, kt\u00f3rej celem jest ochrona praw konsument\u00f3w.\u00a0<\/span><\/li>\n<\/ol>\n<\/li>\n<li><span style=\"font-weight: 400;\"> Szczeg\u00f3\u0142owe informacje o mo\u017cliwo\u015bciach skorzystania przez konsumenta z pozas\u0105dowych sposob\u00f3w rozpatrywania spor\u00f3w oraz dost\u0119pno\u015bci procedur dost\u0119pne s\u0105 w siedzibach oraz na stronach internetowych instytucji takich jak Inspekcja Handlowa, powiatowi (miejscy) rzecznicy konsument\u00f3w, organizacji spo\u0142ecznych zajmuj\u0105cych si\u0119 ochron\u0105 praw konsument\u00f3w, a tak\u017ce Urz\u0119du Ochrony Konkurencji i Konsument\u00f3w.\u00a0<\/span><\/li>\n<li><span style=\"font-weight: 400;\"> Pod adresem http:\/\/ec.europa.eu\/consumers\/odr dost\u0119pna jest platforma internetowego systemu rozstrzygania spor\u00f3w pomi\u0119dzy konsumentami i przedsi\u0119biorcami na szczeblu unijnym (platforma ODR). Platforma ODR stanowi interaktywn\u0105 i wieloj\u0119zyczn\u0105 stron\u0119 internetow\u0105 z punktem kompleksowej obs\u0142ugi dla konsument\u00f3w i przedsi\u0119biorc\u00f3w d\u0105\u017c\u0105cych do pozas\u0105dowego rozstrzygni\u0119cia sporu dotycz\u0105cego zobowi\u0105za\u0144 umownych wynikaj\u0105cych z internetowej umowy sprzeda\u017cy lub umowy o \u015bwiadczenie us\u0142ug.\u00a0<\/span><\/li>\n<\/ol>\n<ul>\n<li><b>9[POSTANOWIENIA KO\u0143COWE]\u00a0\u00a0<\/b><\/li>\n<\/ul>\n<ol>\n<li><span style=\"font-weight: 400;\"> Sprzedawca zastrzega sobie prawo do zmiany niniejszego Regulaminu ze wzgl\u0119du na zmiany w przepisach obowi\u0105zuj\u0105cego prawa lub zmiany w sposobie zawierania i realizacji um\u00f3w. Zmiany te nie b\u0119d\u0105 mia\u0142y wp\u0142ywu na z\u0142o\u017cone, realizowane lub wykonane zam\u00f3wienia i umowy.\u00a0<\/span><\/li>\n<li><span style=\"font-weight: 400;\"> W sprawach nieuregulowanych niniejszym Regulaminem zastosowanie znajduj\u0105 przepisy powszechnie obowi\u0105zuj\u0105cego prawa, w szczeg\u00f3lno\u015bci ustawy z dnia 23 kwietnia 1964 r. Kodeks cywilny, i ustawy z dnia 30 maja 2014 r. o prawach konsumenta. Prawem w\u0142a\u015bciwym dla umowy sprzeda\u017cy jest prawo polskie.\u00a0<\/span><\/li>\n<li><span style=\"font-weight: 400;\"> Regulamin obowi\u0105zuje od dnia 16-05-2023.<\/span><\/li>\n<\/ol>\n<p>&nbsp;<\/p>\n<p><b>[FORMULARZ ODST\u0104PIENIA OD UMOWY]\u00a0<\/b><\/p>\n<p><b>Adresat Adres pocztowy <\/b><span style=\"font-weight: 400;\">Ja \/ My (*) niniejszym informuj\u0119 \/ informujemy (*) o moim \/ naszym (*) odst\u0105pieniu od umowy sprzeda\u017cy nast\u0119puj\u0105cych rzeczy:\u00a0<\/span><\/p>\n<p><b>Nazwa produktu Cena\u00a0<\/b><\/p>\n<p><b>Razem\u00a0<\/b><\/p>\n<p><b>Data zawarcia umowy\u00a0<\/b><\/p>\n<p><b>Data odbioru produkt\u00f3w\u00a0<\/b><\/p>\n<p><b>Imi\u0119 i nazwisko\u00a0<\/b><\/p>\n<p><b>Adres konsumenta (-\u00f3w)\u00a0<\/b><\/p>\n<p><b>Data i podpis<\/b><\/p>\n<p>[\/et_pb_text][\/et_pb_column][\/et_pb_row][\/et_pb_section]<\/p>\n","protected":false},"excerpt":{"rendered":"<p>Regulamin sklepu internetowego\u00a0 1[POSTANOWIENIA OG\u00d3LNE]\u00a0 Niniejszy regulamin okre\u015bla zasady dokonywania zakup\u00f3w w sklepie internetowym zamow.cateringpiatek.pl &#8211; https:\/\/zamow.cateringpiatek.pl\/ od Gastroserwis Arkadiusz Pi\u0105tek Sabina Pi\u0105tek, ul. Grunwaldzka 2\/28, 63-100 \u015arem, NIP: 7851674334.\u00a0 Poj\u0119cia u\u017cyte w regulaminie oznaczaj\u0105:\u00a0 Klient &#8211; osoba fizyczna (posiadaj\u0105ca pe\u0142n\u0105 zdolno\u015b\u0107 do czynno\u015bci prawnych) lub prawna, kt\u00f3ra dokona\u0142a lub zamierza dokona\u0107 zakupu w sklepie [&hellip;]<\/p>\n","protected":false},"author":1,"featured_media":0,"parent":0,"menu_order":0,"comment_status":"closed","ping_status":"closed","template":"","meta":{"_et_pb_use_builder":"on","_et_pb_old_content":"","_et_gb_content_width":"","footnotes":""},"acf":[],"_links":{"self":[{"href":"https:\/\/zamow.cateringpiatek.pl\/index.php\/wp-json\/wp\/v2\/pages\/192"}],"collection":[{"href":"https:\/\/zamow.cateringpiatek.pl\/index.php\/wp-json\/wp\/v2\/pages"}],"about":[{"href":"https:\/\/zamow.cateringpiatek.pl\/index.php\/wp-json\/wp\/v2\/types\/page"}],"author":[{"embeddable":true,"href":"https:\/\/zamow.cateringpiatek.pl\/index.php\/wp-json\/wp\/v2\/users\/1"}],"replies":[{"embeddable":true,"href":"https:\/\/zamow.cateringpiatek.pl\/index.php\/wp-json\/wp\/v2\/comments?post=192"}],"version-history":[{"count":8,"href":"https:\/\/zamow.cateringpiatek.pl\/index.php\/wp-json\/wp\/v2\/pages\/192\/revisions"}],"predecessor-version":[{"id":282,"href":"https:\/\/zamow.cateringpiatek.pl\/index.php\/wp-json\/wp\/v2\/pages\/192\/revisions\/282"}],"wp:attachment":[{"href":"https:\/\/zamow.cateringpiatek.pl\/index.php\/wp-json\/wp\/v2\/media?parent=192"}],"curies":[{"name":"wp","href":"https:\/\/api.w.org\/{rel}","templated":true}]}}