{"id":186,"date":"2023-05-16T06:32:55","date_gmt":"2023-05-16T06:32:55","guid":{"rendered":"http:\/\/zamowienia.kompozycja.dev\/?post_type=product&#038;p=186"},"modified":"2023-08-27T16:30:58","modified_gmt":"2023-08-27T16:30:58","slug":"posilki-pojedyncze-dni","status":"publish","type":"product","link":"https:\/\/zamow.cateringpiatek.pl\/index.php\/produkt\/posilki-pojedyncze-dni\/","title":{"rendered":"Posi\u0142ki (pojedyncze dni)"},"content":{"rendered":"<p><span style=\"font-family: Monotype Corsiva, cursive;\"><span style=\"font-size: xx-large;\"><b>Jad\u0142ospis <\/b><\/span><span style=\"font-size: xx-large;\"><b>28-08<\/b><\/span><span style=\"font-size: xx-large;\"><b>-2023<\/b><\/span><span style=\"font-size: xx-large;\"><b> do <\/b><\/span><span style=\"font-size: xx-large;\"><b>0<\/b><\/span><span style=\"font-size: xx-large;\"><b>1-09<\/b><\/span><span style=\"font-size: xx-large;\"><b>-2023<\/b><\/span><b> <\/b><span style=\"font-size: xx-large;\"><b>(odlewnia)<\/b><\/span><\/span><\/p>\n<p><span style=\"font-family: Monotype Corsiva, cursive;\">\u015aniadanie 28-08-2023<\/span><\/p>\n<p><span style=\"font-family: Monotype Corsiva, cursive;\">leczo z kabaczka 250 ml,ry\u017c 250 g (1), pieczywo 100 g <\/span><\/p>\n<p><span style=\"font-family: Monotype Corsiva, cursive;\">kawa zbo\u017cowa kujawska z mlekiem(6) , herbata lekko s\u0142odzona <\/span><\/p>\n<p><span style=\"font-family: Monotype Corsiva, cursive;\">\u015aniadanie 29-08-2023 <\/span><\/p>\n<p><span style=\"font-family: Monotype Corsiva, cursive;\">koperkowa z ry\u017cem 500 ml (1,2,8), pulpet gotowany 100 g, pieczywo 100 g(1)<\/span><\/p>\n<p><span style=\"font-family: Monotype Corsiva, cursive;\">kawa zbo\u017cowa kujawska z mlekiem(6) herbata lekko s\u0142odzona <\/span><\/p>\n<p><span style=\"font-family: Monotype Corsiva, cursive;\">\u015aniadanie 30-08-2023<\/span><\/p>\n<p align=\"left\"><span style=\"font-family: Monotype Corsiva, cursive;\">gulaszowa 500 ml (1,8), (1,2,6) pieczywo 100 g(1)<\/span><\/p>\n<p><span style=\"font-family: Monotype Corsiva, cursive;\">kawa zbo\u017cowa kujawska z mlekiem (6), herbata lekko s\u0142odzona <\/span><\/p>\n<p><span style=\"font-family: Monotype Corsiva, cursive;\">\u015aniadanie 31-08-2023<\/span><\/p>\n<p><span style=\"font-family: Monotype Corsiva, cursive;\">barszcz ukrai\u0144ski 500 ml (1,8) banan 100 g pieczywo 100 g(1) <\/span><\/p>\n<p><span style=\"font-family: Monotype Corsiva, cursive;\">kawa zbo\u017cowa kujawska z mlekiem(6) , herbata lekko s\u0142odzona <\/span><\/p>\n<p><span style=\"font-family: Monotype Corsiva, cursive;\">\u015aniadanie 01-09-2023<\/span><\/p>\n<p><span style=\"font-family: Monotype Corsiva, cursive;\">zupa pomidorowa 500 g(1,8), twaro\u017cek grani (6)135g , pieczywo 100 g(1)<\/span><\/p>\n<p><span style=\"font-family: Monotype Corsiva, cursive;\">kawa zbo\u017cowa kujawska z mlekiem 300 ml(6), herbata lekko s\u0142odzona 300 ml <\/span><\/p>\n<p>&nbsp;<\/p>\n<p>&nbsp;<\/p>\n<p><span style=\"font-family: Monotype Corsiva, cursive;\"><span style=\"font-size: large;\"><b>Smacznego \u017cyczy firma cateringowa GASTROSERWIS Pi\u0105tek &#8211; \u015arem <\/b><\/span><\/span><\/p>\n<p>&nbsp;<\/p>\n<p><u> <span style=\"font-family: Monotype Corsiva, cursive;\"><b><span style=\"font-size: large;\">zastrzega si\u0119 prawo do zmiany jad\u0142ospisu<\/span><\/b><\/span><\/u><\/p>\n<p><span style=\"font-family: Monotype Corsiva, cursive;\"><span style=\"font-size: xx-small;\">Zgodnie z za\u0142\u0105cznikiem nr II Rozporz\u0105dzenia UE nr 1169\/2011 z dnia 25.10.2011r. W sprawie znakownia \u017cywno\u015bci informacja o alergenach wyst\u0119puj\u0105cych w naszych posi\u0142kach z poni\u017csz\u0105 legend\u0105;<\/span><\/span><\/p>\n<p><span style=\"font-family: Monotype Corsiva, cursive;\"><span style=\"font-size: xx-small;\"><u>1 ,GLUTEN, 2 , JAJA, 3 , RYBY, 4 ,ORZESZKI ZIEMNE, 5, SOJA, 6, MLEKO, 7 , ORZECHY, 8 , SELER, 9 , GORCZYCA, 10 , NAIONA SEZAMU <\/u><\/span><\/span><\/p>\n<p>&nbsp;<\/p>\n<p>&nbsp;<\/p>\n<p>&nbsp;<\/p>\n<p>&nbsp;<\/p>\n<p>&nbsp;<\/p>\n<p>&nbsp;<\/p>\n<p>&nbsp;<\/p>\n<p>&nbsp;<\/p>\n<p>&nbsp;<\/p>\n","protected":false},"excerpt":{"rendered":"<p>Wybierz <strong>[Dzie\u0144 tygodnia]<\/strong> aby doda\u0107 go do zam\u00f3wienia i kliknij <strong>[DODAJ DO KOSZYKA]<\/strong>, nast\u0119pnie zr\u00f3b tak samo z kolejnymi dniami.<br \/>\nPo zako\u0144czeniu dodawania dni do zam\u00f3wienia przejd\u017a do koszyka klikaj\u0105c <strong>[ZOBACZ KOSZYK]<\/strong> w komunikacie, lub <strong>[KOSZYK]<\/strong> w menu.<\/p>\n","protected":false},"featured_media":220,"template":"","meta":{"_et_pb_use_builder":"off","_et_pb_old_content":"<span style=\"font-family: Monotype Corsiva, cursive\">\u015aniadanie 08-05-2023<\/span>\r\n\r\n<span style=\"font-family: Monotype Corsiva, cursive\">zupa og\u00f3rkowa (1,6,8) 500 ml, serek \u0142aciaty (6) 135 g , pieczywo 100 g(1)<\/span>\r\n\r\n<span style=\"font-family: Monotype Corsiva, cursive\">kawa zbo\u017cowa kujawska z mlekiem (6), herbata lekko s\u0142odzona<\/span>\r\n\r\n<span style=\"font-family: Monotype Corsiva, cursive\">III zmiana pasztet pomidorowy 130 g jogurt pitny 300 g(6), jab\u0142ko 100 g pieczywo 100 g(1), herbata , cukier<\/span>\r\n\r\n<span style=\"font-family: Monotype Corsiva, cursive\">\u015aniadanie 09-05-2023<\/span>\r\n\r\n<span style=\"font-family: Monotype Corsiva, cursive\">zupa krupnik 500 ml (1,8), kurczak pieczony 100 g, pieczywo 100 g(1)<\/span>\r\n\r\n<span style=\"font-family: Monotype Corsiva, cursive\">kawa zbo\u017cowa kujawska z mlekiem(6) , herbata lekko s\u0142odzona<\/span>\r\n\r\n<span style=\"font-family: Monotype Corsiva, cursive\">III zmiana szprot w pomidorach 130 g(3) jogurt pitny 200 g(6),owoc 100 g pieczywo 100 g(1), herbata , cukier<\/span>\r\n\r\n<span style=\"font-family: Monotype Corsiva, cursive\">\u015aniadanie 10-05-2023<\/span>\r\n<p align=\"left\"><span style=\"font-family: Monotype Corsiva, cursive\">jarzynowa 350 g(1), kie\u0142basa \u015bl\u0105ska 100 g pieczywo 100 g(1)<\/span><\/p>\r\n<span style=\"font-family: Monotype Corsiva, cursive\">kawa zbo\u017cowa kujawska z mlekiem(6) , herbata lekko s\u0142odzona<\/span>\r\n\r\n<span style=\"font-family: Monotype Corsiva, cursive\">III zmiana pasztet drobiowy 130 g ser topiony 100 g(6), owoc 150 g pieczywo 100 g(1), herbata , cukier<\/span>\r\n\r\n<span style=\"font-family: Monotype Corsiva, cursive\">\u015aniadanie 11-05-2023<\/span>\r\n\r\n<span style=\"font-family: Monotype Corsiva, cursive\">zupa barszcz zabielany 500 g (1,8) pulpet gotowany (1,2) 100 g pieczywo 100 g(1)<\/span>\r\n\r\n<span style=\"font-family: Monotype Corsiva, cursive\">kawa zbo\u017cowa kujawska z mlekiem(6) , herbata lekko s\u0142odzona<\/span>\r\n\r\n<span style=\"font-family: Monotype Corsiva, cursive\">III zmiana szynka konserwowa 130 g jogurt pitny 300 g(6), owoc 100 g pieczywo 100 g(1), herbata , cukier<\/span>\r\n\r\n<span style=\"font-family: Monotype Corsiva, cursive\">\u015aniadanie 12-05-2023<\/span>\r\n\r\n<span style=\"font-family: Monotype Corsiva, cursive\">kapu\u015bniak 500g(6) , kie\u0142basa \u015bl\u0105ska 100 g pieczywo 100 g(1)<\/span>\r\n\r\n<span style=\"font-family: Monotype Corsiva, cursive\">kawa zbo\u017cowa kujawska z mlekiem 300 ml(6), herbata lekko s\u0142odzona 300 ml<\/span>\r\n\r\n<span style=\"font-family: Monotype Corsiva, cursive\">III zmiana serek \u015bmietankowy 130 g(6) baton roger 40g(1,2,6), owoc 100 g pieczywo 100 g(1), herbata , cukier<\/span>\r\n\r\n\u00a0\r\n\r\n<span style=\"font-family: Monotype Corsiva, cursive\"><span style=\"font-size: large\"><b>Smacznego \u017cyczy firma cateringowa GASTROSERWIS\u00a0<span class=\"il\">Pi\u0105tek<\/span>\u00a0- \u015arem<\/b><\/span><\/span>\r\n\r\n\u00a0\r\n\r\n<u><span style=\"font-family: Monotype Corsiva, cursive\"><b><span style=\"font-size: large\">zastrzega si\u0119 prawo do zmiany jad\u0142ospisu<\/span><\/b><\/span><\/u>\r\n\r\n<span style=\"font-family: Monotype Corsiva, cursive\"><span style=\"font-size: xx-small\">Zgodnie z za\u0142\u0105cznikiem nr II Rozporz\u0105dzenia UE nr 1169\/2011 z dnia 25.10.2011r. W sprawie znakownia \u017cywno\u015bci informacja o alergenach wyst\u0119puj\u0105cych w naszych posi\u0142kach z poni\u017csz\u0105 legend\u0105;<\/span><\/span>\r\n\r\n<span style=\"font-family: Monotype Corsiva, cursive\"><span style=\"font-size: xx-small\"><u>1 ,GLUTEN, 2 , JAJA, 3 , RYBY, 4 ,ORZESZKI ZIEMNE, 5, SOJA, 6, MLEKO, 7 , ORZECHY, 8 , SELER, 9 , GORCZYCA, 10 , NAIONA SEZAMU<\/u><\/span><\/span>","_et_gb_content_width":""},"product_cat":[15],"product_tag":[],"acf":[],"_links":{"self":[{"href":"https:\/\/zamow.cateringpiatek.pl\/index.php\/wp-json\/wp\/v2\/product\/186"}],"collection":[{"href":"https:\/\/zamow.cateringpiatek.pl\/index.php\/wp-json\/wp\/v2\/product"}],"about":[{"href":"https:\/\/zamow.cateringpiatek.pl\/index.php\/wp-json\/wp\/v2\/types\/product"}],"wp:featuredmedia":[{"embeddable":true,"href":"https:\/\/zamow.cateringpiatek.pl\/index.php\/wp-json\/wp\/v2\/media\/220"}],"wp:attachment":[{"href":"https:\/\/zamow.cateringpiatek.pl\/index.php\/wp-json\/wp\/v2\/media?parent=186"}],"wp:term":[{"taxonomy":"product_cat","embeddable":true,"href":"https:\/\/zamow.cateringpiatek.pl\/index.php\/wp-json\/wp\/v2\/product_cat?post=186"},{"taxonomy":"product_tag","embeddable":true,"href":"https:\/\/zamow.cateringpiatek.pl\/index.php\/wp-json\/wp\/v2\/product_tag?post=186"}],"curies":[{"name":"wp","href":"https:\/\/api.w.org\/{rel}","templated":true}]}}